{"id":88665,"date":"2026-04-13T05:18:09","date_gmt":"2026-04-13T05:18:09","guid":{"rendered":"https:\/\/tienda.vadeuvas.com\/?post_type=product&#038;p=88665"},"modified":"2026-04-13T05:19:36","modified_gmt":"2026-04-13T05:19:36","slug":"onix-blanc-classic","status":"publish","type":"product","link":"https:\/\/tienda.vadeuvas.com\/ca\/producto\/onix-blanc-classic\/","title":{"rendered":"Onix Blanc Cl\u00e0ssic"},"content":{"rendered":"","protected":false},"excerpt":{"rendered":"","protected":false},"featured_media":88723,"comment_status":"open","ping_status":"closed","template":"","meta":{"_acf_changed":false},"pwb-brand":[],"product_brand":[54182],"product_cat":[53343],"product_tag":[53280,54025],"class_list":{"0":"post-88665","1":"product","2":"type-product","3":"status-publish","4":"has-post-thumbnail","6":"product_brand-vinicola-del-priorat","7":"product_cat-de-proximitat","8":"product_tag-espanya","9":"product_tag-priorat","10":"product_shipping_class-botella-estandar","11":"pa_anada-52236","12":"pa_bodega-vinicoladelpriorat","13":"pa_crianza-crianca-de-entre-4-i-5-mesos-en-deposit-de-acer-inoxidable","14":"pa_pais-espanya-ca","15":"pa_variedades-el-lloar","16":"pa_variedades-garnatxa-blanca","17":"pa_variedades-la-vilella-baixa-i-la-vilella-alta","18":"pa_variedades-macabeu-i-pedro-ximenez-de-fins-a-50-anys-dedat-procedents-dels-pobles-de-gratallops","19":"entry","20":"has-media","22":"first","23":"instock","24":"taxable","25":"shipping-taxable","26":"purchasable","27":"product-type-simple"},"acf":[],"yoast_head":"<!-- This site is optimized with the Yoast SEO Premium plugin v23.1 (Yoast SEO v27.3) - https:\/\/yoast.com\/product\/yoast-seo-premium-wordpress\/ -->\n<title>Onix Blanc Cl\u00e0ssic - Vin\u00edcola del Priorat | Vadeuvas<\/title>\n<meta name=\"description\" content=\"Compra Onix Blanc Cl\u00e0ssic de Vin\u00edcola del Priorat, Priorat. Descubre este vino en Vadeuvas.\" \/>\n<meta name=\"robots\" content=\"index, follow, max-snippet:-1, max-image-preview:large, max-video-preview:-1\" \/>\n<link rel=\"canonical\" href=\"https:\/\/tienda.vadeuvas.com\/producto\/onix-blanc-classic\/\" \/>\n<meta property=\"og:locale\" content=\"ca_ES\" \/>\n<meta property=\"og:type\" content=\"article\" \/>\n<meta property=\"og:title\" content=\"Onix Blanc Cl\u00e0ssic\" \/>\n<meta property=\"og:description\" content=\"Compra Onix Blanc Cl\u00e0ssic de Vin\u00edcola del Priorat, Priorat. Descubre este vino en Vadeuvas.\" \/>\n<meta property=\"og:url\" content=\"https:\/\/tienda.vadeuvas.com\/producto\/onix-blanc-classic\/\" \/>\n<meta property=\"og:site_name\" content=\"Va de Uvas\" \/>\n<meta property=\"article:modified_time\" content=\"2026-04-13T05:19:36+00:00\" \/>\n<meta property=\"og:image\" content=\"https:\/\/tienda.vadeuvas.com\/wp-content\/uploads\/2026\/04\/Onix-Blanc-Classic.jpg\" \/>\n\t<meta property=\"og:image:width\" content=\"1280\" \/>\n\t<meta property=\"og:image:height\" content=\"720\" \/>\n\t<meta property=\"og:image:type\" content=\"image\/jpeg\" \/>\n<meta name=\"twitter:card\" content=\"summary_large_image\" \/>\n<meta name=\"twitter:label1\" content=\"Temps estimat de lectura\" \/>\n\t<meta name=\"twitter:data1\" content=\"1 minut\" \/>\n<script type=\"application\/ld+json\" class=\"yoast-schema-graph\">{\"@context\":\"https:\\\/\\\/schema.org\",\"@graph\":[{\"@type\":\"WebPage\",\"@id\":\"https:\\\/\\\/tienda.vadeuvas.com\\\/producto\\\/onix-blanc-classic\\\/\",\"url\":\"https:\\\/\\\/tienda.vadeuvas.com\\\/producto\\\/onix-blanc-classic\\\/\",\"name\":\"Onix Blanc Cl\u00e0ssic - Vin\u00edcola del Priorat | Vadeuvas\",\"isPartOf\":{\"@id\":\"https:\\\/\\\/tienda.vadeuvas.com\\\/#website\"},\"primaryImageOfPage\":{\"@id\":\"https:\\\/\\\/tienda.vadeuvas.com\\\/producto\\\/onix-blanc-classic\\\/#primaryimage\"},\"image\":{\"@id\":\"https:\\\/\\\/tienda.vadeuvas.com\\\/producto\\\/onix-blanc-classic\\\/#primaryimage\"},\"thumbnailUrl\":\"https:\\\/\\\/tienda.vadeuvas.com\\\/wp-content\\\/uploads\\\/2026\\\/04\\\/Onix-Blanc-Classic.jpg\",\"datePublished\":\"2026-04-13T05:18:09+00:00\",\"dateModified\":\"2026-04-13T05:19:36+00:00\",\"description\":\"Compra Onix Blanc Cl\u00e0ssic de Vin\u00edcola del Priorat, Priorat. Descubre este vino en Vadeuvas.\",\"breadcrumb\":{\"@id\":\"https:\\\/\\\/tienda.vadeuvas.com\\\/producto\\\/onix-blanc-classic\\\/#breadcrumb\"},\"inLanguage\":\"ca\",\"potentialAction\":[{\"@type\":\"ReadAction\",\"target\":[\"https:\\\/\\\/tienda.vadeuvas.com\\\/producto\\\/onix-blanc-classic\\\/\"]}]},{\"@type\":\"ImageObject\",\"inLanguage\":\"ca\",\"@id\":\"https:\\\/\\\/tienda.vadeuvas.com\\\/producto\\\/onix-blanc-classic\\\/#primaryimage\",\"url\":\"https:\\\/\\\/tienda.vadeuvas.com\\\/wp-content\\\/uploads\\\/2026\\\/04\\\/Onix-Blanc-Classic.jpg\",\"contentUrl\":\"https:\\\/\\\/tienda.vadeuvas.com\\\/wp-content\\\/uploads\\\/2026\\\/04\\\/Onix-Blanc-Classic.jpg\",\"width\":1280,\"height\":720},{\"@type\":\"BreadcrumbList\",\"@id\":\"https:\\\/\\\/tienda.vadeuvas.com\\\/producto\\\/onix-blanc-classic\\\/#breadcrumb\",\"itemListElement\":[{\"@type\":\"ListItem\",\"position\":1,\"name\":\"Home\",\"item\":\"https:\\\/\\\/tienda.vadeuvas.com\\\/ca\\\/\"},{\"@type\":\"ListItem\",\"position\":2,\"name\":\"Tienda\",\"item\":\"https:\\\/\\\/tienda.vadeuvas.com\\\/ca\\\/tienda-2\\\/\"},{\"@type\":\"ListItem\",\"position\":3,\"name\":\"Sin categor\u00eda\",\"item\":\"https:\\\/\\\/tienda.vadeuvas.com\\\/categoria-producto\\\/sin-categoria\\\/\"},{\"@type\":\"ListItem\",\"position\":4,\"name\":\"Onix Blanc Cl\u00e0ssic\"}]},{\"@type\":\"WebSite\",\"@id\":\"https:\\\/\\\/tienda.vadeuvas.com\\\/#website\",\"url\":\"https:\\\/\\\/tienda.vadeuvas.com\\\/\",\"name\":\"Va de Uvas\",\"description\":\"Tienda de vinos, licores, cervezas y gourmet\",\"publisher\":{\"@id\":\"https:\\\/\\\/tienda.vadeuvas.com\\\/#organization\"},\"potentialAction\":[{\"@type\":\"SearchAction\",\"target\":{\"@type\":\"EntryPoint\",\"urlTemplate\":\"https:\\\/\\\/tienda.vadeuvas.com\\\/?s={search_term_string}\"},\"query-input\":{\"@type\":\"PropertyValueSpecification\",\"valueRequired\":true,\"valueName\":\"search_term_string\"}}],\"inLanguage\":\"ca\"},{\"@type\":\"Organization\",\"@id\":\"https:\\\/\\\/tienda.vadeuvas.com\\\/#organization\",\"name\":\"Va de Uvas\",\"url\":\"https:\\\/\\\/tienda.vadeuvas.com\\\/\",\"logo\":{\"@type\":\"ImageObject\",\"inLanguage\":\"ca\",\"@id\":\"https:\\\/\\\/tienda.vadeuvas.com\\\/#\\\/schema\\\/logo\\\/image\\\/\",\"url\":\"https:\\\/\\\/tienda.vadeuvas.com\\\/wp-content\\\/uploads\\\/2025\\\/10\\\/logo-va-de-uvas-negro.png\",\"contentUrl\":\"https:\\\/\\\/tienda.vadeuvas.com\\\/wp-content\\\/uploads\\\/2025\\\/10\\\/logo-va-de-uvas-negro.png\",\"width\":400,\"height\":400,\"caption\":\"Va de Uvas\"},\"image\":{\"@id\":\"https:\\\/\\\/tienda.vadeuvas.com\\\/#\\\/schema\\\/logo\\\/image\\\/\"}}]}<\/script>\n<!-- \/ Yoast SEO Premium plugin. -->","yoast_head_json":{"title":"Onix Blanc Cl\u00e0ssic - Vin\u00edcola del Priorat | Vadeuvas","description":"Compra Onix Blanc Cl\u00e0ssic de Vin\u00edcola del Priorat, Priorat. Descubre este vino en Vadeuvas.","robots":{"index":"index","follow":"follow","max-snippet":"max-snippet:-1","max-image-preview":"max-image-preview:large","max-video-preview":"max-video-preview:-1"},"canonical":"https:\/\/tienda.vadeuvas.com\/producto\/onix-blanc-classic\/","og_locale":"ca_ES","og_type":"article","og_title":"Onix Blanc Cl\u00e0ssic","og_description":"Compra Onix Blanc Cl\u00e0ssic de Vin\u00edcola del Priorat, Priorat. Descubre este vino en Vadeuvas.","og_url":"https:\/\/tienda.vadeuvas.com\/producto\/onix-blanc-classic\/","og_site_name":"Va de Uvas","article_modified_time":"2026-04-13T05:19:36+00:00","og_image":[{"width":1280,"height":720,"url":"https:\/\/tienda.vadeuvas.com\/wp-content\/uploads\/2026\/04\/Onix-Blanc-Classic.jpg","type":"image\/jpeg"}],"twitter_card":"summary_large_image","twitter_misc":{"Temps estimat de lectura":"1 minut"},"schema":{"@context":"https:\/\/schema.org","@graph":[{"@type":"WebPage","@id":"https:\/\/tienda.vadeuvas.com\/producto\/onix-blanc-classic\/","url":"https:\/\/tienda.vadeuvas.com\/producto\/onix-blanc-classic\/","name":"Onix Blanc Cl\u00e0ssic - Vin\u00edcola del Priorat | Vadeuvas","isPartOf":{"@id":"https:\/\/tienda.vadeuvas.com\/#website"},"primaryImageOfPage":{"@id":"https:\/\/tienda.vadeuvas.com\/producto\/onix-blanc-classic\/#primaryimage"},"image":{"@id":"https:\/\/tienda.vadeuvas.com\/producto\/onix-blanc-classic\/#primaryimage"},"thumbnailUrl":"https:\/\/tienda.vadeuvas.com\/wp-content\/uploads\/2026\/04\/Onix-Blanc-Classic.jpg","datePublished":"2026-04-13T05:18:09+00:00","dateModified":"2026-04-13T05:19:36+00:00","description":"Compra Onix Blanc Cl\u00e0ssic de Vin\u00edcola del Priorat, Priorat. Descubre este vino en Vadeuvas.","breadcrumb":{"@id":"https:\/\/tienda.vadeuvas.com\/producto\/onix-blanc-classic\/#breadcrumb"},"inLanguage":"ca","potentialAction":[{"@type":"ReadAction","target":["https:\/\/tienda.vadeuvas.com\/producto\/onix-blanc-classic\/"]}]},{"@type":"ImageObject","inLanguage":"ca","@id":"https:\/\/tienda.vadeuvas.com\/producto\/onix-blanc-classic\/#primaryimage","url":"https:\/\/tienda.vadeuvas.com\/wp-content\/uploads\/2026\/04\/Onix-Blanc-Classic.jpg","contentUrl":"https:\/\/tienda.vadeuvas.com\/wp-content\/uploads\/2026\/04\/Onix-Blanc-Classic.jpg","width":1280,"height":720},{"@type":"BreadcrumbList","@id":"https:\/\/tienda.vadeuvas.com\/producto\/onix-blanc-classic\/#breadcrumb","itemListElement":[{"@type":"ListItem","position":1,"name":"Home","item":"https:\/\/tienda.vadeuvas.com\/ca\/"},{"@type":"ListItem","position":2,"name":"Tienda","item":"https:\/\/tienda.vadeuvas.com\/ca\/tienda-2\/"},{"@type":"ListItem","position":3,"name":"Sin categor\u00eda","item":"https:\/\/tienda.vadeuvas.com\/categoria-producto\/sin-categoria\/"},{"@type":"ListItem","position":4,"name":"Onix Blanc Cl\u00e0ssic"}]},{"@type":"WebSite","@id":"https:\/\/tienda.vadeuvas.com\/#website","url":"https:\/\/tienda.vadeuvas.com\/","name":"Va de Uvas","description":"Tienda de vinos, licores, cervezas y gourmet","publisher":{"@id":"https:\/\/tienda.vadeuvas.com\/#organization"},"potentialAction":[{"@type":"SearchAction","target":{"@type":"EntryPoint","urlTemplate":"https:\/\/tienda.vadeuvas.com\/?s={search_term_string}"},"query-input":{"@type":"PropertyValueSpecification","valueRequired":true,"valueName":"search_term_string"}}],"inLanguage":"ca"},{"@type":"Organization","@id":"https:\/\/tienda.vadeuvas.com\/#organization","name":"Va de Uvas","url":"https:\/\/tienda.vadeuvas.com\/","logo":{"@type":"ImageObject","inLanguage":"ca","@id":"https:\/\/tienda.vadeuvas.com\/#\/schema\/logo\/image\/","url":"https:\/\/tienda.vadeuvas.com\/wp-content\/uploads\/2025\/10\/logo-va-de-uvas-negro.png","contentUrl":"https:\/\/tienda.vadeuvas.com\/wp-content\/uploads\/2025\/10\/logo-va-de-uvas-negro.png","width":400,"height":400,"caption":"Va de Uvas"},"image":{"@id":"https:\/\/tienda.vadeuvas.com\/#\/schema\/logo\/image\/"}}]}},"brands":[],"tiered_pricing_type":"fixed","tiered_pricing_fixed_rules":[],"tiered_pricing_product_settings":{"layout":"default","base_unit_name":{"singular":null,"plural":null},"default_variation":null},"tiered_pricing_minimum_quantity":null,"tiered_pricing_roles_data":[],"tiered_pricing_percentage_rules":[],"tiered_pricing_maximum_quantity":null,"tiered_pricing_quantity_step":null,"_links":{"self":[{"href":"https:\/\/tienda.vadeuvas.com\/ca\/wp-json\/wp\/v2\/product\/88665","targetHints":{"allow":["GET"]}}],"collection":[{"href":"https:\/\/tienda.vadeuvas.com\/ca\/wp-json\/wp\/v2\/product"}],"about":[{"href":"https:\/\/tienda.vadeuvas.com\/ca\/wp-json\/wp\/v2\/types\/product"}],"replies":[{"embeddable":true,"href":"https:\/\/tienda.vadeuvas.com\/ca\/wp-json\/wp\/v2\/comments?post=88665"}],"wp:featuredmedia":[{"embeddable":true,"href":"https:\/\/tienda.vadeuvas.com\/ca\/wp-json\/wp\/v2\/media\/88723"}],"wp:attachment":[{"href":"https:\/\/tienda.vadeuvas.com\/ca\/wp-json\/wp\/v2\/media?parent=88665"}],"wp:term":[{"taxonomy":"pwb-brand","embeddable":true,"href":"https:\/\/tienda.vadeuvas.com\/ca\/wp-json\/wp\/v2\/pwb-brand?post=88665"},{"taxonomy":"product_brand","embeddable":true,"href":"https:\/\/tienda.vadeuvas.com\/ca\/wp-json\/wp\/v2\/product_brand?post=88665"},{"taxonomy":"product_cat","embeddable":true,"href":"https:\/\/tienda.vadeuvas.com\/ca\/wp-json\/wp\/v2\/product_cat?post=88665"},{"taxonomy":"product_tag","embeddable":true,"href":"https:\/\/tienda.vadeuvas.com\/ca\/wp-json\/wp\/v2\/product_tag?post=88665"}],"curies":[{"name":"wp","href":"https:\/\/api.w.org\/{rel}","templated":true}]}}