{"id":88178,"date":"2026-04-13T05:08:17","date_gmt":"2026-04-13T05:08:17","guid":{"rendered":"https:\/\/tienda.vadeuvas.com\/?post_type=product&#038;p=88178"},"modified":"2026-04-13T05:09:34","modified_gmt":"2026-04-13T05:09:34","slug":"blasfemia","status":"publish","type":"product","link":"https:\/\/tienda.vadeuvas.com\/ca\/producto\/blasfemia\/","title":{"rendered":"Blasfemia"},"content":{"rendered":"","protected":false},"excerpt":{"rendered":"","protected":false},"featured_media":88244,"comment_status":"open","ping_status":"closed","template":"","meta":{"_acf_changed":false},"pwb-brand":[],"product_brand":[53437],"product_cat":[53279],"product_tag":[53342,53280],"class_list":{"0":"post-88178","1":"product","2":"type-product","3":"status-publish","4":"has-post-thumbnail","6":"product_brand-peninsula-viticultores","7":"product_cat-multiregionals","8":"product_tag-castilla-leon","9":"product_tag-espanya","10":"product_shipping_class-botella-estandar","11":"pa_anada-2018-19-20","12":"pa_bodega-peninsula-viticultores","13":"pa_crianza-crianca-en-botes-de-roure-frances-i-america-per-24-mesos-20-botes-noves","14":"pa_pais-espanya-ca","15":"pa_variedades-tempranillo","16":"entry","17":"has-media","19":"first","20":"instock","21":"taxable","22":"shipping-taxable","23":"purchasable","24":"product-type-simple"},"acf":[],"yoast_head":"<!-- This site is optimized with the Yoast SEO Premium plugin v23.1 (Yoast SEO v27.3) - https:\/\/yoast.com\/product\/yoast-seo-premium-wordpress\/ -->\n<title>Blasfemia - Pen\u00ednsula Vit\u00edcultores | Vadeuvas<\/title>\n<meta name=\"description\" content=\"Compra Blasfemia de Pen\u00ednsula Vit\u00edcultores, Castilla Le\u00f3n. Descubre este vino en Vadeuvas.\" \/>\n<meta name=\"robots\" content=\"index, follow, max-snippet:-1, max-image-preview:large, max-video-preview:-1\" \/>\n<link rel=\"canonical\" href=\"https:\/\/tienda.vadeuvas.com\/producto\/blasfemia\/\" \/>\n<meta property=\"og:locale\" content=\"ca_ES\" \/>\n<meta property=\"og:type\" content=\"article\" \/>\n<meta property=\"og:title\" content=\"Blasfemia\" \/>\n<meta property=\"og:description\" content=\"Compra Blasfemia de Pen\u00ednsula Vit\u00edcultores, Castilla Le\u00f3n. Descubre este vino en Vadeuvas.\" \/>\n<meta property=\"og:url\" content=\"https:\/\/tienda.vadeuvas.com\/producto\/blasfemia\/\" \/>\n<meta property=\"og:site_name\" content=\"Va de Uvas\" \/>\n<meta property=\"article:modified_time\" content=\"2026-04-13T05:09:34+00:00\" \/>\n<meta property=\"og:image\" content=\"https:\/\/tienda.vadeuvas.com\/wp-content\/uploads\/2026\/04\/Blasfemia.jpg\" \/>\n\t<meta property=\"og:image:width\" content=\"1280\" \/>\n\t<meta property=\"og:image:height\" content=\"720\" \/>\n\t<meta property=\"og:image:type\" content=\"image\/jpeg\" \/>\n<meta name=\"twitter:card\" content=\"summary_large_image\" \/>\n<meta name=\"twitter:label1\" content=\"Temps estimat de lectura\" \/>\n\t<meta name=\"twitter:data1\" content=\"1 minut\" \/>\n<script type=\"application\/ld+json\" class=\"yoast-schema-graph\">{\"@context\":\"https:\\\/\\\/schema.org\",\"@graph\":[{\"@type\":\"WebPage\",\"@id\":\"https:\\\/\\\/tienda.vadeuvas.com\\\/producto\\\/blasfemia\\\/\",\"url\":\"https:\\\/\\\/tienda.vadeuvas.com\\\/producto\\\/blasfemia\\\/\",\"name\":\"Blasfemia - Pen\u00ednsula Vit\u00edcultores | Vadeuvas\",\"isPartOf\":{\"@id\":\"https:\\\/\\\/tienda.vadeuvas.com\\\/#website\"},\"primaryImageOfPage\":{\"@id\":\"https:\\\/\\\/tienda.vadeuvas.com\\\/producto\\\/blasfemia\\\/#primaryimage\"},\"image\":{\"@id\":\"https:\\\/\\\/tienda.vadeuvas.com\\\/producto\\\/blasfemia\\\/#primaryimage\"},\"thumbnailUrl\":\"https:\\\/\\\/tienda.vadeuvas.com\\\/wp-content\\\/uploads\\\/2026\\\/04\\\/Blasfemia.jpg\",\"datePublished\":\"2026-04-13T05:08:17+00:00\",\"dateModified\":\"2026-04-13T05:09:34+00:00\",\"description\":\"Compra Blasfemia de Pen\u00ednsula Vit\u00edcultores, Castilla Le\u00f3n. Descubre este vino en Vadeuvas.\",\"breadcrumb\":{\"@id\":\"https:\\\/\\\/tienda.vadeuvas.com\\\/producto\\\/blasfemia\\\/#breadcrumb\"},\"inLanguage\":\"ca\",\"potentialAction\":[{\"@type\":\"ReadAction\",\"target\":[\"https:\\\/\\\/tienda.vadeuvas.com\\\/producto\\\/blasfemia\\\/\"]}]},{\"@type\":\"ImageObject\",\"inLanguage\":\"ca\",\"@id\":\"https:\\\/\\\/tienda.vadeuvas.com\\\/producto\\\/blasfemia\\\/#primaryimage\",\"url\":\"https:\\\/\\\/tienda.vadeuvas.com\\\/wp-content\\\/uploads\\\/2026\\\/04\\\/Blasfemia.jpg\",\"contentUrl\":\"https:\\\/\\\/tienda.vadeuvas.com\\\/wp-content\\\/uploads\\\/2026\\\/04\\\/Blasfemia.jpg\",\"width\":1280,\"height\":720},{\"@type\":\"BreadcrumbList\",\"@id\":\"https:\\\/\\\/tienda.vadeuvas.com\\\/producto\\\/blasfemia\\\/#breadcrumb\",\"itemListElement\":[{\"@type\":\"ListItem\",\"position\":1,\"name\":\"Home\",\"item\":\"https:\\\/\\\/tienda.vadeuvas.com\\\/ca\\\/\"},{\"@type\":\"ListItem\",\"position\":2,\"name\":\"Tienda\",\"item\":\"https:\\\/\\\/tienda.vadeuvas.com\\\/ca\\\/tienda-2\\\/\"},{\"@type\":\"ListItem\",\"position\":3,\"name\":\"Sin categor\u00eda\",\"item\":\"https:\\\/\\\/tienda.vadeuvas.com\\\/categoria-producto\\\/sin-categoria\\\/\"},{\"@type\":\"ListItem\",\"position\":4,\"name\":\"Blasfemia\"}]},{\"@type\":\"WebSite\",\"@id\":\"https:\\\/\\\/tienda.vadeuvas.com\\\/#website\",\"url\":\"https:\\\/\\\/tienda.vadeuvas.com\\\/\",\"name\":\"Va de Uvas\",\"description\":\"Tienda de vinos, licores, cervezas y gourmet\",\"publisher\":{\"@id\":\"https:\\\/\\\/tienda.vadeuvas.com\\\/#organization\"},\"potentialAction\":[{\"@type\":\"SearchAction\",\"target\":{\"@type\":\"EntryPoint\",\"urlTemplate\":\"https:\\\/\\\/tienda.vadeuvas.com\\\/?s={search_term_string}\"},\"query-input\":{\"@type\":\"PropertyValueSpecification\",\"valueRequired\":true,\"valueName\":\"search_term_string\"}}],\"inLanguage\":\"ca\"},{\"@type\":\"Organization\",\"@id\":\"https:\\\/\\\/tienda.vadeuvas.com\\\/#organization\",\"name\":\"Va de Uvas\",\"url\":\"https:\\\/\\\/tienda.vadeuvas.com\\\/\",\"logo\":{\"@type\":\"ImageObject\",\"inLanguage\":\"ca\",\"@id\":\"https:\\\/\\\/tienda.vadeuvas.com\\\/#\\\/schema\\\/logo\\\/image\\\/\",\"url\":\"https:\\\/\\\/tienda.vadeuvas.com\\\/wp-content\\\/uploads\\\/2025\\\/10\\\/logo-va-de-uvas-negro.png\",\"contentUrl\":\"https:\\\/\\\/tienda.vadeuvas.com\\\/wp-content\\\/uploads\\\/2025\\\/10\\\/logo-va-de-uvas-negro.png\",\"width\":400,\"height\":400,\"caption\":\"Va de Uvas\"},\"image\":{\"@id\":\"https:\\\/\\\/tienda.vadeuvas.com\\\/#\\\/schema\\\/logo\\\/image\\\/\"}}]}<\/script>\n<!-- \/ Yoast SEO Premium plugin. -->","yoast_head_json":{"title":"Blasfemia - Pen\u00ednsula Vit\u00edcultores | Vadeuvas","description":"Compra Blasfemia de Pen\u00ednsula Vit\u00edcultores, Castilla Le\u00f3n. Descubre este vino en Vadeuvas.","robots":{"index":"index","follow":"follow","max-snippet":"max-snippet:-1","max-image-preview":"max-image-preview:large","max-video-preview":"max-video-preview:-1"},"canonical":"https:\/\/tienda.vadeuvas.com\/producto\/blasfemia\/","og_locale":"ca_ES","og_type":"article","og_title":"Blasfemia","og_description":"Compra Blasfemia de Pen\u00ednsula Vit\u00edcultores, Castilla Le\u00f3n. Descubre este vino en Vadeuvas.","og_url":"https:\/\/tienda.vadeuvas.com\/producto\/blasfemia\/","og_site_name":"Va de Uvas","article_modified_time":"2026-04-13T05:09:34+00:00","og_image":[{"width":1280,"height":720,"url":"https:\/\/tienda.vadeuvas.com\/wp-content\/uploads\/2026\/04\/Blasfemia.jpg","type":"image\/jpeg"}],"twitter_card":"summary_large_image","twitter_misc":{"Temps estimat de lectura":"1 minut"},"schema":{"@context":"https:\/\/schema.org","@graph":[{"@type":"WebPage","@id":"https:\/\/tienda.vadeuvas.com\/producto\/blasfemia\/","url":"https:\/\/tienda.vadeuvas.com\/producto\/blasfemia\/","name":"Blasfemia - Pen\u00ednsula Vit\u00edcultores | Vadeuvas","isPartOf":{"@id":"https:\/\/tienda.vadeuvas.com\/#website"},"primaryImageOfPage":{"@id":"https:\/\/tienda.vadeuvas.com\/producto\/blasfemia\/#primaryimage"},"image":{"@id":"https:\/\/tienda.vadeuvas.com\/producto\/blasfemia\/#primaryimage"},"thumbnailUrl":"https:\/\/tienda.vadeuvas.com\/wp-content\/uploads\/2026\/04\/Blasfemia.jpg","datePublished":"2026-04-13T05:08:17+00:00","dateModified":"2026-04-13T05:09:34+00:00","description":"Compra Blasfemia de Pen\u00ednsula Vit\u00edcultores, Castilla Le\u00f3n. Descubre este vino en Vadeuvas.","breadcrumb":{"@id":"https:\/\/tienda.vadeuvas.com\/producto\/blasfemia\/#breadcrumb"},"inLanguage":"ca","potentialAction":[{"@type":"ReadAction","target":["https:\/\/tienda.vadeuvas.com\/producto\/blasfemia\/"]}]},{"@type":"ImageObject","inLanguage":"ca","@id":"https:\/\/tienda.vadeuvas.com\/producto\/blasfemia\/#primaryimage","url":"https:\/\/tienda.vadeuvas.com\/wp-content\/uploads\/2026\/04\/Blasfemia.jpg","contentUrl":"https:\/\/tienda.vadeuvas.com\/wp-content\/uploads\/2026\/04\/Blasfemia.jpg","width":1280,"height":720},{"@type":"BreadcrumbList","@id":"https:\/\/tienda.vadeuvas.com\/producto\/blasfemia\/#breadcrumb","itemListElement":[{"@type":"ListItem","position":1,"name":"Home","item":"https:\/\/tienda.vadeuvas.com\/ca\/"},{"@type":"ListItem","position":2,"name":"Tienda","item":"https:\/\/tienda.vadeuvas.com\/ca\/tienda-2\/"},{"@type":"ListItem","position":3,"name":"Sin categor\u00eda","item":"https:\/\/tienda.vadeuvas.com\/categoria-producto\/sin-categoria\/"},{"@type":"ListItem","position":4,"name":"Blasfemia"}]},{"@type":"WebSite","@id":"https:\/\/tienda.vadeuvas.com\/#website","url":"https:\/\/tienda.vadeuvas.com\/","name":"Va de Uvas","description":"Tienda de vinos, licores, cervezas y gourmet","publisher":{"@id":"https:\/\/tienda.vadeuvas.com\/#organization"},"potentialAction":[{"@type":"SearchAction","target":{"@type":"EntryPoint","urlTemplate":"https:\/\/tienda.vadeuvas.com\/?s={search_term_string}"},"query-input":{"@type":"PropertyValueSpecification","valueRequired":true,"valueName":"search_term_string"}}],"inLanguage":"ca"},{"@type":"Organization","@id":"https:\/\/tienda.vadeuvas.com\/#organization","name":"Va de Uvas","url":"https:\/\/tienda.vadeuvas.com\/","logo":{"@type":"ImageObject","inLanguage":"ca","@id":"https:\/\/tienda.vadeuvas.com\/#\/schema\/logo\/image\/","url":"https:\/\/tienda.vadeuvas.com\/wp-content\/uploads\/2025\/10\/logo-va-de-uvas-negro.png","contentUrl":"https:\/\/tienda.vadeuvas.com\/wp-content\/uploads\/2025\/10\/logo-va-de-uvas-negro.png","width":400,"height":400,"caption":"Va de Uvas"},"image":{"@id":"https:\/\/tienda.vadeuvas.com\/#\/schema\/logo\/image\/"}}]}},"brands":[],"tiered_pricing_type":"fixed","tiered_pricing_fixed_rules":[],"tiered_pricing_product_settings":{"layout":"default","base_unit_name":{"singular":null,"plural":null},"default_variation":null},"tiered_pricing_minimum_quantity":null,"tiered_pricing_roles_data":[],"tiered_pricing_percentage_rules":[],"tiered_pricing_maximum_quantity":null,"tiered_pricing_quantity_step":null,"_links":{"self":[{"href":"https:\/\/tienda.vadeuvas.com\/ca\/wp-json\/wp\/v2\/product\/88178","targetHints":{"allow":["GET"]}}],"collection":[{"href":"https:\/\/tienda.vadeuvas.com\/ca\/wp-json\/wp\/v2\/product"}],"about":[{"href":"https:\/\/tienda.vadeuvas.com\/ca\/wp-json\/wp\/v2\/types\/product"}],"replies":[{"embeddable":true,"href":"https:\/\/tienda.vadeuvas.com\/ca\/wp-json\/wp\/v2\/comments?post=88178"}],"wp:featuredmedia":[{"embeddable":true,"href":"https:\/\/tienda.vadeuvas.com\/ca\/wp-json\/wp\/v2\/media\/88244"}],"wp:attachment":[{"href":"https:\/\/tienda.vadeuvas.com\/ca\/wp-json\/wp\/v2\/media?parent=88178"}],"wp:term":[{"taxonomy":"pwb-brand","embeddable":true,"href":"https:\/\/tienda.vadeuvas.com\/ca\/wp-json\/wp\/v2\/pwb-brand?post=88178"},{"taxonomy":"product_brand","embeddable":true,"href":"https:\/\/tienda.vadeuvas.com\/ca\/wp-json\/wp\/v2\/product_brand?post=88178"},{"taxonomy":"product_cat","embeddable":true,"href":"https:\/\/tienda.vadeuvas.com\/ca\/wp-json\/wp\/v2\/product_cat?post=88178"},{"taxonomy":"product_tag","embeddable":true,"href":"https:\/\/tienda.vadeuvas.com\/ca\/wp-json\/wp\/v2\/product_tag?post=88178"}],"curies":[{"name":"wp","href":"https:\/\/api.w.org\/{rel}","templated":true}]}}