{"id":88139,"date":"2026-04-13T05:07:28","date_gmt":"2026-04-13T05:07:28","guid":{"rendered":"https:\/\/tienda.vadeuvas.com\/?post_type=product&#038;p=88139"},"modified":"2026-04-13T05:07:50","modified_gmt":"2026-04-13T05:07:50","slug":"premiere-cuvee-extra-brut-magnum","status":"publish","type":"product","link":"https:\/\/tienda.vadeuvas.com\/ca\/producto\/premiere-cuvee-extra-brut-magnum\/","title":{"rendered":"Premi\u00e8re Cuv\u00e9e extra Brut Magnum"},"content":{"rendered":"","protected":false},"excerpt":{"rendered":"","protected":false},"featured_media":0,"comment_status":"open","ping_status":"closed","template":"","meta":{"_acf_changed":false},"pwb-brand":[],"product_brand":[53302],"product_cat":[53265],"product_tag":[53266,53267],"class_list":{"0":"post-88139","1":"product","2":"type-product","3":"status-publish","5":"product_brand-bruno-paillard","6":"product_cat-internacional","7":"product_tag-champagne","8":"product_tag-franca","9":"product_shipping_class-magnum","10":"pa_anada-nv","11":"pa_bodega-bruno-paillard","12":"pa_crianza-tres-anys-en-rima-sis-mesos-post-degorjament-per-una-perfecta-integracio-del-carbonic","13":"pa_pais-franca","14":"pa_variedades-22-pinot-meunier","15":"pa_variedades-33-chardonnay","16":"pa_variedades-45-pinot-noir","17":"entry","18":"no-media","20":"first","21":"instock","22":"taxable","23":"shipping-taxable","24":"purchasable","25":"product-type-simple"},"acf":[],"yoast_head":"<!-- This site is optimized with the Yoast SEO Premium plugin v23.1 (Yoast SEO v27.3) - https:\/\/yoast.com\/product\/yoast-seo-premium-wordpress\/ -->\n<title>Premi\u00e8re Cuv\u00e9e extra Brut Magnum - Bruno Paillard | Vadeuvas<\/title>\n<meta name=\"description\" content=\"Compra Premi\u00e8re Cuv\u00e9e extra Brut Magnum de Bruno Paillard, Champagne. Descubre este vino en Vadeuvas.\" \/>\n<meta name=\"robots\" content=\"index, follow, max-snippet:-1, max-image-preview:large, max-video-preview:-1\" \/>\n<link rel=\"canonical\" href=\"https:\/\/tienda.vadeuvas.com\/producto\/premiere-cuvee-extra-brut-magnum\/\" \/>\n<meta property=\"og:locale\" content=\"ca_ES\" \/>\n<meta property=\"og:type\" content=\"article\" \/>\n<meta property=\"og:title\" content=\"Premi\u00e8re Cuv\u00e9e extra Brut Magnum\" \/>\n<meta property=\"og:description\" content=\"Compra Premi\u00e8re Cuv\u00e9e extra Brut Magnum de Bruno Paillard, Champagne. Descubre este vino en Vadeuvas.\" \/>\n<meta property=\"og:url\" content=\"https:\/\/tienda.vadeuvas.com\/producto\/premiere-cuvee-extra-brut-magnum\/\" \/>\n<meta property=\"og:site_name\" content=\"Va de Uvas\" \/>\n<meta property=\"article:modified_time\" content=\"2026-04-13T05:07:50+00:00\" \/>\n<meta name=\"twitter:card\" content=\"summary_large_image\" \/>\n<meta name=\"twitter:label1\" content=\"Temps estimat de lectura\" \/>\n\t<meta name=\"twitter:data1\" content=\"1 minut\" \/>\n<script type=\"application\/ld+json\" class=\"yoast-schema-graph\">{\"@context\":\"https:\\\/\\\/schema.org\",\"@graph\":[{\"@type\":\"WebPage\",\"@id\":\"https:\\\/\\\/tienda.vadeuvas.com\\\/producto\\\/premiere-cuvee-extra-brut-magnum\\\/\",\"url\":\"https:\\\/\\\/tienda.vadeuvas.com\\\/producto\\\/premiere-cuvee-extra-brut-magnum\\\/\",\"name\":\"Premi\u00e8re Cuv\u00e9e extra Brut Magnum - Bruno Paillard | Vadeuvas\",\"isPartOf\":{\"@id\":\"https:\\\/\\\/tienda.vadeuvas.com\\\/#website\"},\"datePublished\":\"2026-04-13T05:07:28+00:00\",\"dateModified\":\"2026-04-13T05:07:50+00:00\",\"description\":\"Compra Premi\u00e8re Cuv\u00e9e extra Brut Magnum de Bruno Paillard, Champagne. Descubre este vino en Vadeuvas.\",\"breadcrumb\":{\"@id\":\"https:\\\/\\\/tienda.vadeuvas.com\\\/producto\\\/premiere-cuvee-extra-brut-magnum\\\/#breadcrumb\"},\"inLanguage\":\"ca\",\"potentialAction\":[{\"@type\":\"ReadAction\",\"target\":[\"https:\\\/\\\/tienda.vadeuvas.com\\\/producto\\\/premiere-cuvee-extra-brut-magnum\\\/\"]}]},{\"@type\":\"BreadcrumbList\",\"@id\":\"https:\\\/\\\/tienda.vadeuvas.com\\\/producto\\\/premiere-cuvee-extra-brut-magnum\\\/#breadcrumb\",\"itemListElement\":[{\"@type\":\"ListItem\",\"position\":1,\"name\":\"Home\",\"item\":\"https:\\\/\\\/tienda.vadeuvas.com\\\/ca\\\/\"},{\"@type\":\"ListItem\",\"position\":2,\"name\":\"Tienda\",\"item\":\"https:\\\/\\\/tienda.vadeuvas.com\\\/ca\\\/tienda-2\\\/\"},{\"@type\":\"ListItem\",\"position\":3,\"name\":\"Premi\u00e8re Cuv\u00e9e extra Brut Magnum\"}]},{\"@type\":\"WebSite\",\"@id\":\"https:\\\/\\\/tienda.vadeuvas.com\\\/#website\",\"url\":\"https:\\\/\\\/tienda.vadeuvas.com\\\/\",\"name\":\"Va de Uvas\",\"description\":\"Tienda de vinos, licores, cervezas y gourmet\",\"publisher\":{\"@id\":\"https:\\\/\\\/tienda.vadeuvas.com\\\/#organization\"},\"potentialAction\":[{\"@type\":\"SearchAction\",\"target\":{\"@type\":\"EntryPoint\",\"urlTemplate\":\"https:\\\/\\\/tienda.vadeuvas.com\\\/?s={search_term_string}\"},\"query-input\":{\"@type\":\"PropertyValueSpecification\",\"valueRequired\":true,\"valueName\":\"search_term_string\"}}],\"inLanguage\":\"ca\"},{\"@type\":\"Organization\",\"@id\":\"https:\\\/\\\/tienda.vadeuvas.com\\\/#organization\",\"name\":\"Va de Uvas\",\"url\":\"https:\\\/\\\/tienda.vadeuvas.com\\\/\",\"logo\":{\"@type\":\"ImageObject\",\"inLanguage\":\"ca\",\"@id\":\"https:\\\/\\\/tienda.vadeuvas.com\\\/#\\\/schema\\\/logo\\\/image\\\/\",\"url\":\"https:\\\/\\\/tienda.vadeuvas.com\\\/wp-content\\\/uploads\\\/2025\\\/10\\\/logo-va-de-uvas-negro.png\",\"contentUrl\":\"https:\\\/\\\/tienda.vadeuvas.com\\\/wp-content\\\/uploads\\\/2025\\\/10\\\/logo-va-de-uvas-negro.png\",\"width\":400,\"height\":400,\"caption\":\"Va de Uvas\"},\"image\":{\"@id\":\"https:\\\/\\\/tienda.vadeuvas.com\\\/#\\\/schema\\\/logo\\\/image\\\/\"}}]}<\/script>\n<!-- \/ Yoast SEO Premium plugin. -->","yoast_head_json":{"title":"Premi\u00e8re Cuv\u00e9e extra Brut Magnum - Bruno Paillard | Vadeuvas","description":"Compra Premi\u00e8re Cuv\u00e9e extra Brut Magnum de Bruno Paillard, Champagne. Descubre este vino en Vadeuvas.","robots":{"index":"index","follow":"follow","max-snippet":"max-snippet:-1","max-image-preview":"max-image-preview:large","max-video-preview":"max-video-preview:-1"},"canonical":"https:\/\/tienda.vadeuvas.com\/producto\/premiere-cuvee-extra-brut-magnum\/","og_locale":"ca_ES","og_type":"article","og_title":"Premi\u00e8re Cuv\u00e9e extra Brut Magnum","og_description":"Compra Premi\u00e8re Cuv\u00e9e extra Brut Magnum de Bruno Paillard, Champagne. Descubre este vino en Vadeuvas.","og_url":"https:\/\/tienda.vadeuvas.com\/producto\/premiere-cuvee-extra-brut-magnum\/","og_site_name":"Va de Uvas","article_modified_time":"2026-04-13T05:07:50+00:00","twitter_card":"summary_large_image","twitter_misc":{"Temps estimat de lectura":"1 minut"},"schema":{"@context":"https:\/\/schema.org","@graph":[{"@type":"WebPage","@id":"https:\/\/tienda.vadeuvas.com\/producto\/premiere-cuvee-extra-brut-magnum\/","url":"https:\/\/tienda.vadeuvas.com\/producto\/premiere-cuvee-extra-brut-magnum\/","name":"Premi\u00e8re Cuv\u00e9e extra Brut Magnum - Bruno Paillard | Vadeuvas","isPartOf":{"@id":"https:\/\/tienda.vadeuvas.com\/#website"},"datePublished":"2026-04-13T05:07:28+00:00","dateModified":"2026-04-13T05:07:50+00:00","description":"Compra Premi\u00e8re Cuv\u00e9e extra Brut Magnum de Bruno Paillard, Champagne. Descubre este vino en Vadeuvas.","breadcrumb":{"@id":"https:\/\/tienda.vadeuvas.com\/producto\/premiere-cuvee-extra-brut-magnum\/#breadcrumb"},"inLanguage":"ca","potentialAction":[{"@type":"ReadAction","target":["https:\/\/tienda.vadeuvas.com\/producto\/premiere-cuvee-extra-brut-magnum\/"]}]},{"@type":"BreadcrumbList","@id":"https:\/\/tienda.vadeuvas.com\/producto\/premiere-cuvee-extra-brut-magnum\/#breadcrumb","itemListElement":[{"@type":"ListItem","position":1,"name":"Home","item":"https:\/\/tienda.vadeuvas.com\/ca\/"},{"@type":"ListItem","position":2,"name":"Tienda","item":"https:\/\/tienda.vadeuvas.com\/ca\/tienda-2\/"},{"@type":"ListItem","position":3,"name":"Premi\u00e8re Cuv\u00e9e extra Brut Magnum"}]},{"@type":"WebSite","@id":"https:\/\/tienda.vadeuvas.com\/#website","url":"https:\/\/tienda.vadeuvas.com\/","name":"Va de Uvas","description":"Tienda de vinos, licores, cervezas y gourmet","publisher":{"@id":"https:\/\/tienda.vadeuvas.com\/#organization"},"potentialAction":[{"@type":"SearchAction","target":{"@type":"EntryPoint","urlTemplate":"https:\/\/tienda.vadeuvas.com\/?s={search_term_string}"},"query-input":{"@type":"PropertyValueSpecification","valueRequired":true,"valueName":"search_term_string"}}],"inLanguage":"ca"},{"@type":"Organization","@id":"https:\/\/tienda.vadeuvas.com\/#organization","name":"Va de Uvas","url":"https:\/\/tienda.vadeuvas.com\/","logo":{"@type":"ImageObject","inLanguage":"ca","@id":"https:\/\/tienda.vadeuvas.com\/#\/schema\/logo\/image\/","url":"https:\/\/tienda.vadeuvas.com\/wp-content\/uploads\/2025\/10\/logo-va-de-uvas-negro.png","contentUrl":"https:\/\/tienda.vadeuvas.com\/wp-content\/uploads\/2025\/10\/logo-va-de-uvas-negro.png","width":400,"height":400,"caption":"Va de Uvas"},"image":{"@id":"https:\/\/tienda.vadeuvas.com\/#\/schema\/logo\/image\/"}}]}},"brands":[],"tiered_pricing_type":"fixed","tiered_pricing_fixed_rules":[],"tiered_pricing_product_settings":{"layout":"default","base_unit_name":{"singular":null,"plural":null},"default_variation":null},"tiered_pricing_minimum_quantity":null,"tiered_pricing_roles_data":[],"tiered_pricing_percentage_rules":[],"tiered_pricing_maximum_quantity":null,"tiered_pricing_quantity_step":null,"_links":{"self":[{"href":"https:\/\/tienda.vadeuvas.com\/ca\/wp-json\/wp\/v2\/product\/88139","targetHints":{"allow":["GET"]}}],"collection":[{"href":"https:\/\/tienda.vadeuvas.com\/ca\/wp-json\/wp\/v2\/product"}],"about":[{"href":"https:\/\/tienda.vadeuvas.com\/ca\/wp-json\/wp\/v2\/types\/product"}],"replies":[{"embeddable":true,"href":"https:\/\/tienda.vadeuvas.com\/ca\/wp-json\/wp\/v2\/comments?post=88139"}],"wp:attachment":[{"href":"https:\/\/tienda.vadeuvas.com\/ca\/wp-json\/wp\/v2\/media?parent=88139"}],"wp:term":[{"taxonomy":"pwb-brand","embeddable":true,"href":"https:\/\/tienda.vadeuvas.com\/ca\/wp-json\/wp\/v2\/pwb-brand?post=88139"},{"taxonomy":"product_brand","embeddable":true,"href":"https:\/\/tienda.vadeuvas.com\/ca\/wp-json\/wp\/v2\/product_brand?post=88139"},{"taxonomy":"product_cat","embeddable":true,"href":"https:\/\/tienda.vadeuvas.com\/ca\/wp-json\/wp\/v2\/product_cat?post=88139"},{"taxonomy":"product_tag","embeddable":true,"href":"https:\/\/tienda.vadeuvas.com\/ca\/wp-json\/wp\/v2\/product_tag?post=88139"}],"curies":[{"name":"wp","href":"https:\/\/api.w.org\/{rel}","templated":true}]}}